{"id":250,"date":"2016-04-20T19:54:29","date_gmt":"2016-04-20T19:54:29","guid":{"rendered":"http:\/\/www.vaticanrome.it\/es\/about-us\/"},"modified":"2016-07-11T15:02:25","modified_gmt":"2016-07-11T15:02:25","slug":"about-us","status":"publish","type":"page","link":"https:\/\/vaticanrome.it\/es\/about-us\/","title":{"rendered":"Acerca de Nosotros"},"content":{"rendered":"[vc_row][vc_column width=&#8221;1\/2&#8243;][vc_single_image image=&#8221;1132&#8243; img_size=&#8221;large&#8221;][\/vc_column][vc_column width=&#8221;1\/2&#8243;][vc_column_text]ALOJAMIENTO LUJOSO PERO BARATO EN ROMA<\/p>\n<p>Ofrecemos un alojamiento barato en Roma, en lujosas habitaciones recientemente amobladas, que se comparan con el mismo nivel de comodidad de un hotel de 4 estrellas. Nuestro impresionante alojamiento de Roma se encuentra en el caracter\u00edstico Vaticano Borgo, Roma central, que es un peque\u00f1o lugar compuesto de tres maneras (Borgo Pio, Borgo Vittorio y Borgo Angelico), justo en el medio entre la columnata de la Plaza San Pedro y Piazza Risorgimento. Alrededor de nuestro alojamiento est\u00e1n disponibles muchos restaurantes italianos t\u00edpicos, donde se puede disfrutar de un aperitivo o una cena bajo las estrellas de Roma.<\/p>\n<p>Desde Borgo Angelico (Relais Vaticano Roma) usted puede alcanzar en s\u00f3lo dos minutos a pie la Plaza San Pedro, los Museos del Vaticano y el Castel Sant\u2019Angelo donde, por la zona peatonal, que cruza el r\u00edo \u00e9pico Tevere, llegar\u00e1 directamente al coraz\u00f3n de la antigua Roma.<br \/>\nPara su comodidad pondremos a disposici\u00f3n suya mapas detallados, mostrando caminos (puntos de conexi\u00f3n de atracci\u00f3n tur\u00edstica), con el tiempo de camino, como otros medios de transporte (Autob\u00fas, Metro, Trenes\u2026) completado con calendarios relacionados.[\/vc_column_text][\/vc_column][\/vc_row][vc_row full_width=&#8221;stretch_row&#8221; parallax=&#8221;content-moving-fade&#8221; parallax_image=&#8221;1144&#8243; el_class=&#8221;about-us-white&#8221;][vc_column el_class=&#8221;about-us-column&#8221;]\n        <h2 class=\"mt100\">\n            Vive la emoci\u00f3n\n        <\/h2>\n        [vc_column_text]\n<p style=\"text-align: center;\">Reserva con nosotros y le dar\u00e1 la oportunidad de respirar el atmosphera rel de la antigua Roma , rodeado de monumentos , museos y lugares milenarios , que millones de turistas vaiv\u00e9n cualquier rinc\u00f3n del mundo el deseo de admirar !<\/p>\n[\/vc_column_text]<a class=\"btn btn-lg btn-warning\" href=\"\">IR!<\/a>[\/vc_column][\/vc_row][vc_row][vc_column width=&#8221;1\/2&#8243;][vc_column_text]CARACTER\u00cdSTICAS PRINCIPALES DE APARTAMENTOS VACACIONALES EN ROMA<\/p>\n<p>Nuestro alojamiento barato en Roma viene con todos los servicios principales que normalmente est\u00e1n disponibles en los hoteles de lujo, pero con la opci\u00f3n de sentirse completamente libre y no atado a las reglas cl\u00e1sicas de los hoteles.<br \/>\nNuestros apartamentos vacacionales en Roma consisten de:<\/p>\n<p>Seis habitaciones (5 dobles, 1 qu\u00edntuple), cada una con ba\u00f1o privado equipado con secadora de pelo en la pared, televisi\u00f3n de pantalla plana, mini-bar, Caja de Seguridad, aire acondicionado, regla de no fumar, mesa esquinera con sillas , cama extra en 5 cuartos, y cada cuarto completamente insonorizado y elegantemente amoblado.<br \/>\nRecepcionista disponible 8 horas al d\u00eda, pero con emergencias cubre las 24 horas del d\u00eda.<br \/>\nSala de desayuno (caliente\/salado y desayuno italiano disponible).<br \/>\nConexi\u00f3n Wi-fi gratis.<br \/>\nCunas, sillas altas, cochecitos y calentadores de biberones est\u00e1n siempre disponibles bajo petici\u00f3n.<\/p>\n<p>Para los amantes de las compras\u2026 A pocos minutos de nuestros apartamentos, est\u00e1 Via Cola di Rienzo d\u00f3nde puede visitar muchas tiendas con las mejores marcas. Al final de la Via Cola di Rienzo llegar\u00e1 a la maravillosa Piazza del Popolo, desde donde se inicia la famosa Via del Corso, donde las marcas de moda m\u00e1s importantes tienen tiendas sorprendentes (no se pierda Via Frattina y Via Condotti&#8230;). Siguiendo por delante llegar\u00e1 a la monumental Pizza Venezia.[\/vc_column_text][\/vc_column][vc_column width=&#8221;1\/2&#8243;][vc_single_image image=&#8221;1164&#8243; img_size=&#8221;large&#8221;][\/vc_column][\/vc_row]\n","protected":false},"excerpt":{"rendered":"<p>[vc_row][vc_column width=&#8221;1\/2&#8243;][vc_single_image image=&#8221;1132&#8243; img_size=&#8221;large&#8221;][\/vc_column][vc_column width=&#8221;1\/2&#8243;][vc_column_text]ALOJAMIENTO LUJOSO PERO BARATO EN ROMA Ofrecemos un alojamiento barato en Roma, en lujosas habitaciones recientemente amobladas, que se comparan con el mismo nivel de comodidad de un hotel de 4 estrellas. Nuestro impresionante alojamiento de Roma se encuentra en el caracter\u00edstico Vaticano Borgo, Roma central, que es un peque\u00f1o lugar [&hellip;]<\/p>\n","protected":false},"author":1,"featured_media":338,"parent":0,"menu_order":0,"comment_status":"closed","ping_status":"closed","template":"","meta":{"footnotes":""},"class_list":["post-250","page","type-page","status-publish","has-post-thumbnail","hentry"],"_links":{"self":[{"href":"https:\/\/vaticanrome.it\/es\/wp-json\/wp\/v2\/pages\/250","targetHints":{"allow":["GET"]}}],"collection":[{"href":"https:\/\/vaticanrome.it\/es\/wp-json\/wp\/v2\/pages"}],"about":[{"href":"https:\/\/vaticanrome.it\/es\/wp-json\/wp\/v2\/types\/page"}],"author":[{"embeddable":true,"href":"https:\/\/vaticanrome.it\/es\/wp-json\/wp\/v2\/users\/1"}],"replies":[{"embeddable":true,"href":"https:\/\/vaticanrome.it\/es\/wp-json\/wp\/v2\/comments?post=250"}],"version-history":[{"count":27,"href":"https:\/\/vaticanrome.it\/es\/wp-json\/wp\/v2\/pages\/250\/revisions"}],"predecessor-version":[{"id":1341,"href":"https:\/\/vaticanrome.it\/es\/wp-json\/wp\/v2\/pages\/250\/revisions\/1341"}],"wp:featuredmedia":[{"embeddable":true,"href":"https:\/\/vaticanrome.it\/es\/wp-json\/wp\/v2\/media\/338"}],"wp:attachment":[{"href":"https:\/\/vaticanrome.it\/es\/wp-json\/wp\/v2\/media?parent=250"}],"curies":[{"name":"wp","href":"https:\/\/api.w.org\/{rel}","templated":true}]}}